{"id":55278,"date":"2024-11-26T09:13:02","date_gmt":"2024-11-26T08:13:02","guid":{"rendered":"https:\/\/www.freelancermap.de\/blog\/?page_id=55278"},"modified":"2024-11-26T12:35:12","modified_gmt":"2024-11-26T11:35:12","slug":"webinaraufzeichnung-scheinselbststaendigkeit-unternehmen","status":"publish","type":"page","link":"https:\/\/www.freelancermap.de\/blog\/webinaraufzeichnung-scheinselbststaendigkeit-unternehmen\/","title":{"rendered":"Webinaraufzeichnung Scheinselbstst\u00e4ndigkeit f\u00fcr Unternehmen"},"content":{"rendered":"<style>.kb-row-layout-id55278_0d9d1a-29 > .kt-row-column-wrap{align-content:center;}:where(.kb-row-layout-id55278_0d9d1a-29 > .kt-row-column-wrap) > .wp-block-kadence-column{justify-content:center;}.kb-row-layout-id55278_0d9d1a-29 > .kt-row-column-wrap{column-gap:var(--global-kb-gap-lg, 4rem);row-gap:var(--global-kb-gap-md, 2rem);padding-bottom:var(--global-kb-spacing-xxl, 5rem);grid-template-columns:minmax(0, calc(50% - ((var(--global-kb-gap-lg, 4rem) * 1 )\/2)))minmax(0, calc(50% - ((var(--global-kb-gap-lg, 4rem) * 1 )\/2)));}.kb-row-layout-id55278_0d9d1a-29{background-color:var(--global-palette9, #ffffff);}.kb-row-layout-id55278_0d9d1a-29 > .kt-row-layout-overlay{opacity:0.20;mix-blend-mode:multiply;}@media all and (max-width: 1024px){.kb-row-layout-id55278_0d9d1a-29 > .kt-row-column-wrap{grid-template-columns:repeat(2, minmax(0, 1fr));}}@media all and (max-width: 767px){.kb-row-layout-id55278_0d9d1a-29 > .kt-row-column-wrap{grid-template-columns:minmax(0, 1fr);}}<\/style><div class=\"kb-row-layout-wrap kb-row-layout-id55278_0d9d1a-29 alignfull has-theme-palette9-background-color kt-row-has-bg wp-block-kadence-rowlayout\"><div class=\"kt-row-column-wrap kt-has-2-columns kt-row-layout-equal kt-tab-layout-inherit kt-mobile-layout-row kt-row-valign-middle\">\n<style>.kadence-column55278_2f4feb-0c > .kt-inside-inner-col,.kadence-column55278_2f4feb-0c > .kt-inside-inner-col:before{border-top-left-radius:0px;border-top-right-radius:0px;border-bottom-right-radius:0px;border-bottom-left-radius:0px;}.kadence-column55278_2f4feb-0c > .kt-inside-inner-col{column-gap:var(--global-kb-gap-sm, 1rem);}.kadence-column55278_2f4feb-0c > .kt-inside-inner-col{flex-direction:column;}.kadence-column55278_2f4feb-0c > .kt-inside-inner-col > .aligncenter{width:100%;}.kadence-column55278_2f4feb-0c > .kt-inside-inner-col:before{opacity:0.3;}.kadence-column55278_2f4feb-0c{position:relative;}@media all and (max-width: 1024px){.kadence-column55278_2f4feb-0c > .kt-inside-inner-col{flex-direction:column;justify-content:center;}}@media all and (max-width: 767px){.kadence-column55278_2f4feb-0c > .kt-inside-inner-col{flex-direction:column;justify-content:center;}}<\/style>\n<div class=\"wp-block-kadence-column kadence-column55278_2f4feb-0c\"><div class=\"kt-inside-inner-col\"><style>.wp-block-kadence-advancedheading.kt-adv-heading55278_8f8072-13, .wp-block-kadence-advancedheading.kt-adv-heading55278_8f8072-13[data-kb-block=\"kb-adv-heading55278_8f8072-13\"]{margin-top:var(--global-kb-spacing-md, 2rem);font-style:normal;}.wp-block-kadence-advancedheading.kt-adv-heading55278_8f8072-13 mark.kt-highlight, .wp-block-kadence-advancedheading.kt-adv-heading55278_8f8072-13[data-kb-block=\"kb-adv-heading55278_8f8072-13\"] mark.kt-highlight{font-style:normal;color:#f76a0c;-webkit-box-decoration-break:clone;box-decoration-break:clone;padding-top:0px;padding-right:0px;padding-bottom:0px;padding-left:0px;}.wp-block-kadence-advancedheading.kt-adv-heading55278_8f8072-13 img.kb-inline-image, .wp-block-kadence-advancedheading.kt-adv-heading55278_8f8072-13[data-kb-block=\"kb-adv-heading55278_8f8072-13\"] img.kb-inline-image{width:150px;vertical-align:baseline;}<\/style>\n<p class=\"kt-adv-heading55278_8f8072-13 wp-block-kadence-advancedheading has-kb-palette-6-color has-text-color\" data-kb-block=\"kb-adv-heading55278_8f8072-13\">Im Expertentalk Scheinselbstst\u00e4ndigkeit mit <a href=\"https:\/\/www.linkedin.com\/in\/robert-gollwitzer\/\">Robert Gollwitzer<\/a>, Fachanwalt f\u00fcr Arbeitsrecht und <a href=\"https:\/\/www.linkedin.com\/in\/maas-thomas\/\">Thomas Maas<\/a>, CEO von freelancermap erf\u00e4hrst du alles \u00fcber die rechtlichen Grundlagen, auf welche Kriterien es ankommt, welche Folgen dich betreffen k\u00f6nnen und wie die Statuspr\u00fcfung abl\u00e4uft.<\/p>\n\n\n<style>.wp-block-kadence-advancedbtn.kb-btns55278_ad1dfb-08{gap:var(--global-kb-gap-xs, 0.5rem );justify-content:flex-start;align-items:center;}.kt-btns55278_ad1dfb-08 .kt-button{font-weight:normal;font-style:normal;}.kt-btns55278_ad1dfb-08 .kt-btn-wrap-0{margin-right:5px;}.wp-block-kadence-advancedbtn.kt-btns55278_ad1dfb-08 .kt-btn-wrap-0 .kt-button{color:#555555;border-color:#555555;}.wp-block-kadence-advancedbtn.kt-btns55278_ad1dfb-08 .kt-btn-wrap-0 .kt-button:hover, .wp-block-kadence-advancedbtn.kt-btns55278_ad1dfb-08 .kt-btn-wrap-0 .kt-button:focus{color:#ffffff;border-color:#444444;}.wp-block-kadence-advancedbtn.kt-btns55278_ad1dfb-08 .kt-btn-wrap-0 .kt-button::before{display:none;}.wp-block-kadence-advancedbtn.kt-btns55278_ad1dfb-08 .kt-btn-wrap-0 .kt-button:hover, .wp-block-kadence-advancedbtn.kt-btns55278_ad1dfb-08 .kt-btn-wrap-0 .kt-button:focus{background:#444444;}<\/style>\n<div class=\"wp-block-kadence-advancedbtn kb-buttons-wrap kb-btns55278_ad1dfb-08\"><style>ul.menu .wp-block-kadence-advancedbtn .kb-btn55278_f3cab4-fd.kb-button{width:initial;}.wp-block-kadence-advancedbtn .kb-btn55278_f3cab4-fd.kb-button{color:#222222;background:#f0d873;border-top-left-radius:30px;border-top-right-radius:30px;border-bottom-right-radius:30px;border-bottom-left-radius:30px;margin-top:var(--global-kb-spacing-lg, 3rem);}.wp-block-kadence-advancedbtn .kb-btn55278_f3cab4-fd.kb-button:hover, .wp-block-kadence-advancedbtn .kb-btn55278_f3cab4-fd.kb-button:focus{color:#ffffff;background:#222222;}<\/style><a class=\"kb-button kt-button button kb-btn55278_f3cab4-fd kt-btn-size-standard kt-btn-width-type-auto kb-btn-global-fill  kt-btn-has-text-true kt-btn-has-svg-false  wp-block-kadence-singlebtn\" href=\"\/registrieren?ref=blog-webinaraufzeichnung-schein-unternehmen\"><span class=\"kt-btn-inner-text\">Zur kostenlosen Aufzeichnung<\/span><\/a><\/div>\n\n\n<style>.wp-block-kadence-advancedheading.kt-adv-heading55278_3ae3e7-a5, .wp-block-kadence-advancedheading.kt-adv-heading55278_3ae3e7-a5[data-kb-block=\"kb-adv-heading55278_3ae3e7-a5\"]{max-width:361px;padding-bottom:0px;margin-left:var(--global-kb-spacing-xs, 1rem);font-size:14px;line-height:15px;font-style:normal;color:var(--global-palette5, #4A5568);}.wp-block-kadence-advancedheading.kt-adv-heading55278_3ae3e7-a5 mark.kt-highlight, .wp-block-kadence-advancedheading.kt-adv-heading55278_3ae3e7-a5[data-kb-block=\"kb-adv-heading55278_3ae3e7-a5\"] mark.kt-highlight{font-style:normal;color:#f76a0c;-webkit-box-decoration-break:clone;box-decoration-break:clone;padding-top:0px;padding-right:0px;padding-bottom:0px;padding-left:0px;}.wp-block-kadence-advancedheading.kt-adv-heading55278_3ae3e7-a5 img.kb-inline-image, .wp-block-kadence-advancedheading.kt-adv-heading55278_3ae3e7-a5[data-kb-block=\"kb-adv-heading55278_3ae3e7-a5\"] img.kb-inline-image{width:150px;vertical-align:baseline;}.wp-block-kadence-advancedheading.kt-adv-heading55278_3ae3e7-a5[data-kb-block=\"kb-adv-heading55278_3ae3e7-a5\"] a, .kt-adv-heading-link55278_3ae3e7-a5, .kt-adv-heading-link55278_3ae3e7-a5 .kt-adv-heading55278_3ae3e7-a5[data-kb-block=\"kb-adv-heading55278_3ae3e7-a5\"]{color:#222222;}.wp-block-kadence-advancedheading.kt-adv-heading55278_3ae3e7-a5[data-kb-block=\"kb-adv-heading55278_3ae3e7-a5\"] a:hover, .kt-adv-heading-link55278_3ae3e7-a5:hover, .kt-adv-heading-link55278_3ae3e7-a5:hover .kt-adv-heading55278_3ae3e7-a5[data-kb-block=\"kb-adv-heading55278_3ae3e7-a5\"]{color:#0a409b;}.wp-block-kadence-advancedheading.kt-adv-heading55278_3ae3e7-a5[data-kb-block=\"kb-adv-heading55278_3ae3e7-a5\"] a, a.kb-advanced-heading-link.kt-adv-heading-link55278_3ae3e7-a5{text-decoration:none;}.wp-block-kadence-advancedheading.kt-adv-heading55278_3ae3e7-a5[data-kb-block=\"kb-adv-heading55278_3ae3e7-a5\"] a:hover, a.kb-advanced-heading-link.kt-adv-heading-link55278_3ae3e7-a5:hover{text-decoration:underline;}<\/style>\n<a href=\"http:\/\/freelancermap.de\/dashboard\/webinare-unternehmen\" class=\"kb-advanced-heading-link kt-adv-heading-link55278_3ae3e7-a5 hls-hover_underline\"><p class=\"kt-adv-heading55278_3ae3e7-a5 wp-block-kadence-advancedheading has-theme-palette-5-color has-text-color\" data-kb-block=\"kb-adv-heading55278_3ae3e7-a5\">Bereits freelancermap-Mitglied? Hier ansehen<\/p><\/a>\n<\/div><\/div>\n\n\n<style>.kadence-column55278_8a7f28-4b > .kt-inside-inner-col,.kadence-column55278_8a7f28-4b > .kt-inside-inner-col:before{border-top-left-radius:0px;border-top-right-radius:0px;border-bottom-right-radius:0px;border-bottom-left-radius:0px;}.kadence-column55278_8a7f28-4b > .kt-inside-inner-col{column-gap:var(--global-kb-gap-sm, 1rem);}.kadence-column55278_8a7f28-4b > .kt-inside-inner-col{flex-direction:column;}.kadence-column55278_8a7f28-4b > .kt-inside-inner-col > .aligncenter{width:100%;}.kadence-column55278_8a7f28-4b > .kt-inside-inner-col:before{opacity:0.3;}.kadence-column55278_8a7f28-4b{position:relative;}@media all and (max-width: 1024px){.kadence-column55278_8a7f28-4b > .kt-inside-inner-col{flex-direction:column;justify-content:center;}}@media all and (max-width: 767px){.kadence-column55278_8a7f28-4b > .kt-inside-inner-col{flex-direction:column;justify-content:center;}}<\/style>\n<div class=\"wp-block-kadence-column kadence-column55278_8a7f28-4b inner-column-1\"><div class=\"kt-inside-inner-col\"><figure class=\"wp-block-embed-youtube wp-block-embed is-type-video is-provider-youtube wp-embed-aspect-16-9 wp-has-aspect-ratio\"><div class=\"lyte-wrapper\" style=\"width:1280px;max-width:100%;margin:5px;\"><div class=\"lyMe hidef\" id=\"WYL_X1gIsLDWGO8\"><div id=\"lyte_X1gIsLDWGO8\" data-src=\"\/blog\/wp-content\/plugins\/wp-youtube-lyte\/lyteCache.php?origThumbUrl=%2F%2Fi.ytimg.com%2Fvi%2FX1gIsLDWGO8%2Fmaxresdefault.jpg\" class=\"pL\"><div class=\"tC\"><div class=\"tT\"><\/div><\/div><div class=\"play\"><\/div><div class=\"ctrl\"><div class=\"Lctrl\"><\/div><div class=\"Rctrl\"><\/div><\/div><\/div><noscript><a href=\"https:\/\/youtu.be\/X1gIsLDWGO8\" rel=\"nofollow\"><img decoding=\"async\" src=\"\/blog\/wp-content\/plugins\/wp-youtube-lyte\/lyteCache.php?origThumbUrl=https%3A%2F%2Fi.ytimg.com%2Fvi%2FX1gIsLDWGO8%2F0.jpg\" alt=\"YouTube-Video-Vorschaubild\" width=\"1280\" height=\"700\" \/><br \/>Dieses Video auf YouTube ansehen<\/a><\/noscript><\/div><\/div><div class=\"lL\" style=\"max-width:100%;width:1280px;margin:5px;\"><\/div><figcaption><\/figcaption><\/figure><\/div><\/div>\n\n<\/div><\/div>\n\n\n<p><\/p>\n","protected":false},"excerpt":{"rendered":"<p>Im Expertentalk Scheinselbstst\u00e4ndigkeit mit Robert Gollwitzer, Fachanwalt f\u00fcr Arbeitsrecht und Thomas Maas, CEO von freelancermap erf\u00e4hrst du alles \u00fcber die rechtlichen Grundlagen, auf welche Kriterien es ankommt, welche Folgen dich betreffen k\u00f6nnen und wie die Statuspr\u00fcfung abl\u00e4uft. Bereits freelancermap-Mitglied? Hier ansehen<\/p>\n","protected":false},"author":40,"featured_media":0,"parent":0,"menu_order":0,"comment_status":"closed","ping_status":"closed","template":"","meta":{"_acf_changed":false,"kampagne":"","om_disable_all_campaigns":false,"_kad_blocks_custom_css":"","_kad_blocks_head_custom_js":"","_kad_blocks_body_custom_js":"","_kad_blocks_footer_custom_js":"","footnotes":""},"class_list":["post-55278","page","type-page","status-publish","hentry"],"acf":[],"yoast_head":"<!-- This site is optimized with the Yoast SEO plugin v26.7 - https:\/\/yoast.com\/wordpress\/plugins\/seo\/ -->\n<title>Webinaraufzeichnung Scheinselbstst\u00e4ndigkeit f\u00fcr Unternehmen<\/title>\n<meta name=\"description\" content=\"In unserer Webinaraufzeichnung zum Thema Scheinselbstst\u00e4ndigkeit erf\u00e4hrst du alles \u00fcber die rechtlichen Grundlagen, Kriterien, Folgen und mehr\" \/>\n<meta name=\"robots\" content=\"index, follow, max-snippet:-1, max-image-preview:large, max-video-preview:-1\" \/>\n<link rel=\"canonical\" href=\"https:\/\/www.freelancermap.de\/blog\/webinaraufzeichnung-scheinselbststaendigkeit-unternehmen\/\" \/>\n<meta property=\"og:locale\" content=\"de_DE\" \/>\n<meta property=\"og:type\" content=\"article\" \/>\n<meta property=\"og:title\" content=\"Webinaraufzeichnung Scheinselbstst\u00e4ndigkeit f\u00fcr Unternehmen\" \/>\n<meta property=\"og:description\" content=\"In unserer Webinaraufzeichnung zum Thema Scheinselbstst\u00e4ndigkeit erf\u00e4hrst du alles \u00fcber die rechtlichen Grundlagen, Kriterien, Folgen und mehr\" \/>\n<meta property=\"og:url\" content=\"https:\/\/www.freelancermap.de\/blog\/webinaraufzeichnung-scheinselbststaendigkeit-unternehmen\/\" \/>\n<meta property=\"og:site_name\" content=\"Freelancer Blog\" \/>\n<meta property=\"article:modified_time\" content=\"2024-11-26T11:35:12+00:00\" \/>\n<meta name=\"twitter:card\" content=\"summary_large_image\" \/>\n<script type=\"application\/ld+json\" class=\"yoast-schema-graph\">{\"@context\":\"https:\/\/schema.org\",\"@graph\":[{\"@type\":\"WebPage\",\"@id\":\"https:\/\/www.freelancermap.de\/blog\/webinaraufzeichnung-scheinselbststaendigkeit-unternehmen\/\",\"url\":\"https:\/\/www.freelancermap.de\/blog\/webinaraufzeichnung-scheinselbststaendigkeit-unternehmen\/\",\"name\":\"Webinaraufzeichnung Scheinselbstst\u00e4ndigkeit f\u00fcr Unternehmen\",\"isPartOf\":{\"@id\":\"https:\/\/www.freelancermap.at\/blog\/#website\"},\"datePublished\":\"2024-11-26T08:13:02+00:00\",\"dateModified\":\"2024-11-26T11:35:12+00:00\",\"description\":\"In unserer Webinaraufzeichnung zum Thema Scheinselbstst\u00e4ndigkeit erf\u00e4hrst du alles \u00fcber die rechtlichen Grundlagen, Kriterien, Folgen und mehr\",\"breadcrumb\":{\"@id\":\"https:\/\/www.freelancermap.de\/blog\/webinaraufzeichnung-scheinselbststaendigkeit-unternehmen\/#breadcrumb\"},\"inLanguage\":\"de\",\"potentialAction\":[{\"@type\":\"ReadAction\",\"target\":[\"https:\/\/www.freelancermap.de\/blog\/webinaraufzeichnung-scheinselbststaendigkeit-unternehmen\/\"]}]},{\"@type\":\"BreadcrumbList\",\"@id\":\"https:\/\/www.freelancermap.de\/blog\/webinaraufzeichnung-scheinselbststaendigkeit-unternehmen\/#breadcrumb\",\"itemListElement\":[{\"@type\":\"ListItem\",\"position\":1,\"name\":\"Home\",\"item\":\"https:\/\/www.freelancermap.at\/blog\/\"},{\"@type\":\"ListItem\",\"position\":2,\"name\":\"Webinaraufzeichnung Scheinselbstst\u00e4ndigkeit f\u00fcr Unternehmen\"}]},{\"@type\":\"WebSite\",\"@id\":\"https:\/\/www.freelancermap.at\/blog\/#website\",\"url\":\"https:\/\/www.freelancermap.at\/blog\/\",\"name\":\"Freelancer Blog\",\"description\":\"Trends, Ratgeber &amp; Fakten f\u00fcr Freelancer und Auftraggeber\",\"potentialAction\":[{\"@type\":\"SearchAction\",\"target\":{\"@type\":\"EntryPoint\",\"urlTemplate\":\"https:\/\/www.freelancermap.at\/blog\/?s={search_term_string}\"},\"query-input\":{\"@type\":\"PropertyValueSpecification\",\"valueRequired\":true,\"valueName\":\"search_term_string\"}}],\"inLanguage\":\"de\"}]}<\/script>\n<!-- \/ Yoast SEO plugin. -->","yoast_head_json":{"title":"Webinaraufzeichnung Scheinselbstst\u00e4ndigkeit f\u00fcr Unternehmen","description":"In unserer Webinaraufzeichnung zum Thema Scheinselbstst\u00e4ndigkeit erf\u00e4hrst du alles \u00fcber die rechtlichen Grundlagen, Kriterien, Folgen und mehr","robots":{"index":"index","follow":"follow","max-snippet":"max-snippet:-1","max-image-preview":"max-image-preview:large","max-video-preview":"max-video-preview:-1"},"canonical":"https:\/\/www.freelancermap.de\/blog\/webinaraufzeichnung-scheinselbststaendigkeit-unternehmen\/","og_locale":"de_DE","og_type":"article","og_title":"Webinaraufzeichnung Scheinselbstst\u00e4ndigkeit f\u00fcr Unternehmen","og_description":"In unserer Webinaraufzeichnung zum Thema Scheinselbstst\u00e4ndigkeit erf\u00e4hrst du alles \u00fcber die rechtlichen Grundlagen, Kriterien, Folgen und mehr","og_url":"https:\/\/www.freelancermap.de\/blog\/webinaraufzeichnung-scheinselbststaendigkeit-unternehmen\/","og_site_name":"Freelancer Blog","article_modified_time":"2024-11-26T11:35:12+00:00","twitter_card":"summary_large_image","schema":{"@context":"https:\/\/schema.org","@graph":[{"@type":"WebPage","@id":"https:\/\/www.freelancermap.de\/blog\/webinaraufzeichnung-scheinselbststaendigkeit-unternehmen\/","url":"https:\/\/www.freelancermap.de\/blog\/webinaraufzeichnung-scheinselbststaendigkeit-unternehmen\/","name":"Webinaraufzeichnung Scheinselbstst\u00e4ndigkeit f\u00fcr Unternehmen","isPartOf":{"@id":"https:\/\/www.freelancermap.at\/blog\/#website"},"datePublished":"2024-11-26T08:13:02+00:00","dateModified":"2024-11-26T11:35:12+00:00","description":"In unserer Webinaraufzeichnung zum Thema Scheinselbstst\u00e4ndigkeit erf\u00e4hrst du alles \u00fcber die rechtlichen Grundlagen, Kriterien, Folgen und mehr","breadcrumb":{"@id":"https:\/\/www.freelancermap.de\/blog\/webinaraufzeichnung-scheinselbststaendigkeit-unternehmen\/#breadcrumb"},"inLanguage":"de","potentialAction":[{"@type":"ReadAction","target":["https:\/\/www.freelancermap.de\/blog\/webinaraufzeichnung-scheinselbststaendigkeit-unternehmen\/"]}]},{"@type":"BreadcrumbList","@id":"https:\/\/www.freelancermap.de\/blog\/webinaraufzeichnung-scheinselbststaendigkeit-unternehmen\/#breadcrumb","itemListElement":[{"@type":"ListItem","position":1,"name":"Home","item":"https:\/\/www.freelancermap.at\/blog\/"},{"@type":"ListItem","position":2,"name":"Webinaraufzeichnung Scheinselbstst\u00e4ndigkeit f\u00fcr Unternehmen"}]},{"@type":"WebSite","@id":"https:\/\/www.freelancermap.at\/blog\/#website","url":"https:\/\/www.freelancermap.at\/blog\/","name":"Freelancer Blog","description":"Trends, Ratgeber &amp; Fakten f\u00fcr Freelancer und Auftraggeber","potentialAction":[{"@type":"SearchAction","target":{"@type":"EntryPoint","urlTemplate":"https:\/\/www.freelancermap.at\/blog\/?s={search_term_string}"},"query-input":{"@type":"PropertyValueSpecification","valueRequired":true,"valueName":"search_term_string"}}],"inLanguage":"de"}]}},"taxonomy_info":[],"featured_image_src_large":false,"author_info":{"display_name":"Karoline Grimm","author_link":"https:\/\/www.freelancermap.de\/blog\/author\/karoline-grimm\/"},"comment_info":0,"_links":{"self":[{"href":"https:\/\/www.freelancermap.de\/blog\/wp-json\/wp\/v2\/pages\/55278","targetHints":{"allow":["GET"]}}],"collection":[{"href":"https:\/\/www.freelancermap.de\/blog\/wp-json\/wp\/v2\/pages"}],"about":[{"href":"https:\/\/www.freelancermap.de\/blog\/wp-json\/wp\/v2\/types\/page"}],"author":[{"embeddable":true,"href":"https:\/\/www.freelancermap.de\/blog\/wp-json\/wp\/v2\/users\/40"}],"replies":[{"embeddable":true,"href":"https:\/\/www.freelancermap.de\/blog\/wp-json\/wp\/v2\/comments?post=55278"}],"version-history":[{"count":2,"href":"https:\/\/www.freelancermap.de\/blog\/wp-json\/wp\/v2\/pages\/55278\/revisions"}],"predecessor-version":[{"id":55285,"href":"https:\/\/www.freelancermap.de\/blog\/wp-json\/wp\/v2\/pages\/55278\/revisions\/55285"}],"wp:attachment":[{"href":"https:\/\/www.freelancermap.de\/blog\/wp-json\/wp\/v2\/media?parent=55278"}],"curies":[{"name":"wp","href":"https:\/\/api.w.org\/{rel}","templated":true}]}}