{"id":41397,"date":"2023-07-24T15:26:26","date_gmt":"2023-07-24T13:26:26","guid":{"rendered":"https:\/\/www.freelancermap.de\/blog\/?page_id=41397"},"modified":"2023-08-18T11:26:47","modified_gmt":"2023-08-18T09:26:47","slug":"vorlagen-muster","status":"publish","type":"page","link":"https:\/\/www.freelancermap.de\/blog\/vorlagen-muster\/","title":{"rendered":"Vorlagen-Bibliothek f\u00fcr Freelancer"},"content":{"rendered":"\n<p>Sie suchen ein Muster f\u00fcr Vertr\u00e4ge, Rechnungen oder Angebote? In unserer Bibliothek stellen wir alle Vorlagen f\u00fcr Freelancer kostenlos als PDF, ODT, ODS, MS Word oder MS Excel Datei zur Verf\u00fcgung.<\/p>\n","protected":false},"excerpt":{"rendered":"<p>Sie suchen ein Muster f\u00fcr Vertr\u00e4ge, Rechnungen oder Angebote? In unserer Bibliothek stellen wir alle Vorlagen f\u00fcr Freelancer kostenlos als PDF, ODT, ODS, MS Word oder MS Excel Datei zur Verf\u00fcgung.<\/p>\n","protected":false},"author":2,"featured_media":0,"parent":0,"menu_order":0,"comment_status":"closed","ping_status":"closed","template":"","meta":{"_acf_changed":false,"kampagne":"","om_disable_all_campaigns":false,"_kad_blocks_custom_css":"","_kad_blocks_head_custom_js":"","_kad_blocks_body_custom_js":"","_kad_blocks_footer_custom_js":"","footnotes":""},"class_list":["post-41397","page","type-page","status-publish","hentry"],"acf":[],"yoast_head":"<!-- This site is optimized with the Yoast SEO plugin v26.7 - https:\/\/yoast.com\/wordpress\/plugins\/seo\/ -->\n<title>Vorlagen-Bibliothek f\u00fcr Freelancer - Freelancer Blog<\/title>\n<meta name=\"robots\" content=\"index, follow, max-snippet:-1, max-image-preview:large, max-video-preview:-1\" \/>\n<link rel=\"canonical\" href=\"https:\/\/www.freelancermap.de\/blog\/vorlagen-muster\/\" \/>\n<meta property=\"og:locale\" content=\"de_DE\" \/>\n<meta property=\"og:type\" content=\"article\" \/>\n<meta property=\"og:title\" content=\"Vorlagen-Bibliothek f\u00fcr Freelancer - Freelancer Blog\" \/>\n<meta property=\"og:description\" content=\"Sie suchen ein Muster f\u00fcr Vertr\u00e4ge, Rechnungen oder Angebote? In unserer Bibliothek stellen wir alle Vorlagen f\u00fcr Freelancer kostenlos als PDF, ODT, ODS, MS Word oder MS Excel Datei zur Verf\u00fcgung.\" \/>\n<meta property=\"og:url\" content=\"https:\/\/www.freelancermap.de\/blog\/vorlagen-muster\/\" \/>\n<meta property=\"og:site_name\" content=\"Freelancer Blog\" \/>\n<meta property=\"article:modified_time\" content=\"2023-08-18T09:26:47+00:00\" \/>\n<meta name=\"twitter:card\" content=\"summary_large_image\" \/>\n<script type=\"application\/ld+json\" class=\"yoast-schema-graph\">{\"@context\":\"https:\/\/schema.org\",\"@graph\":[{\"@type\":\"WebPage\",\"@id\":\"https:\/\/www.freelancermap.de\/blog\/vorlagen-muster\/\",\"url\":\"https:\/\/www.freelancermap.de\/blog\/vorlagen-muster\/\",\"name\":\"Vorlagen-Bibliothek f\u00fcr Freelancer - Freelancer Blog\",\"isPartOf\":{\"@id\":\"https:\/\/www.freelance-o-mat.de\/blog\/#website\"},\"datePublished\":\"2023-07-24T13:26:26+00:00\",\"dateModified\":\"2023-08-18T09:26:47+00:00\",\"breadcrumb\":{\"@id\":\"https:\/\/www.freelancermap.de\/blog\/vorlagen-muster\/#breadcrumb\"},\"inLanguage\":\"de\",\"potentialAction\":[{\"@type\":\"ReadAction\",\"target\":[\"https:\/\/www.freelancermap.de\/blog\/vorlagen-muster\/\"]}]},{\"@type\":\"BreadcrumbList\",\"@id\":\"https:\/\/www.freelancermap.de\/blog\/vorlagen-muster\/#breadcrumb\",\"itemListElement\":[{\"@type\":\"ListItem\",\"position\":1,\"name\":\"Home\",\"item\":\"https:\/\/www.freelance-o-mat.de\/blog\/\"},{\"@type\":\"ListItem\",\"position\":2,\"name\":\"Vorlagen-Bibliothek f\u00fcr Freelancer\"}]},{\"@type\":\"WebSite\",\"@id\":\"https:\/\/www.freelance-o-mat.de\/blog\/#website\",\"url\":\"https:\/\/www.freelance-o-mat.de\/blog\/\",\"name\":\"Freelancer Blog\",\"description\":\"Trends, Ratgeber &amp; Fakten f\u00fcr Freelancer und Auftraggeber\",\"potentialAction\":[{\"@type\":\"SearchAction\",\"target\":{\"@type\":\"EntryPoint\",\"urlTemplate\":\"https:\/\/www.freelance-o-mat.de\/blog\/?s={search_term_string}\"},\"query-input\":{\"@type\":\"PropertyValueSpecification\",\"valueRequired\":true,\"valueName\":\"search_term_string\"}}],\"inLanguage\":\"de\"}]}<\/script>\n<!-- \/ Yoast SEO plugin. -->","yoast_head_json":{"title":"Vorlagen-Bibliothek f\u00fcr Freelancer - Freelancer Blog","robots":{"index":"index","follow":"follow","max-snippet":"max-snippet:-1","max-image-preview":"max-image-preview:large","max-video-preview":"max-video-preview:-1"},"canonical":"https:\/\/www.freelancermap.de\/blog\/vorlagen-muster\/","og_locale":"de_DE","og_type":"article","og_title":"Vorlagen-Bibliothek f\u00fcr Freelancer - Freelancer Blog","og_description":"Sie suchen ein Muster f\u00fcr Vertr\u00e4ge, Rechnungen oder Angebote? In unserer Bibliothek stellen wir alle Vorlagen f\u00fcr Freelancer kostenlos als PDF, ODT, ODS, MS Word oder MS Excel Datei zur Verf\u00fcgung.","og_url":"https:\/\/www.freelancermap.de\/blog\/vorlagen-muster\/","og_site_name":"Freelancer Blog","article_modified_time":"2023-08-18T09:26:47+00:00","twitter_card":"summary_large_image","schema":{"@context":"https:\/\/schema.org","@graph":[{"@type":"WebPage","@id":"https:\/\/www.freelancermap.de\/blog\/vorlagen-muster\/","url":"https:\/\/www.freelancermap.de\/blog\/vorlagen-muster\/","name":"Vorlagen-Bibliothek f\u00fcr Freelancer - Freelancer Blog","isPartOf":{"@id":"https:\/\/www.freelance-o-mat.de\/blog\/#website"},"datePublished":"2023-07-24T13:26:26+00:00","dateModified":"2023-08-18T09:26:47+00:00","breadcrumb":{"@id":"https:\/\/www.freelancermap.de\/blog\/vorlagen-muster\/#breadcrumb"},"inLanguage":"de","potentialAction":[{"@type":"ReadAction","target":["https:\/\/www.freelancermap.de\/blog\/vorlagen-muster\/"]}]},{"@type":"BreadcrumbList","@id":"https:\/\/www.freelancermap.de\/blog\/vorlagen-muster\/#breadcrumb","itemListElement":[{"@type":"ListItem","position":1,"name":"Home","item":"https:\/\/www.freelance-o-mat.de\/blog\/"},{"@type":"ListItem","position":2,"name":"Vorlagen-Bibliothek f\u00fcr Freelancer"}]},{"@type":"WebSite","@id":"https:\/\/www.freelance-o-mat.de\/blog\/#website","url":"https:\/\/www.freelance-o-mat.de\/blog\/","name":"Freelancer Blog","description":"Trends, Ratgeber &amp; Fakten f\u00fcr Freelancer und Auftraggeber","potentialAction":[{"@type":"SearchAction","target":{"@type":"EntryPoint","urlTemplate":"https:\/\/www.freelance-o-mat.de\/blog\/?s={search_term_string}"},"query-input":{"@type":"PropertyValueSpecification","valueRequired":true,"valueName":"search_term_string"}}],"inLanguage":"de"}]}},"taxonomy_info":[],"featured_image_src_large":false,"author_info":{"display_name":"Stefan","author_link":"https:\/\/www.freelancermap.de\/blog\/author\/stefan\/"},"comment_info":0,"_links":{"self":[{"href":"https:\/\/www.freelancermap.de\/blog\/wp-json\/wp\/v2\/pages\/41397","targetHints":{"allow":["GET"]}}],"collection":[{"href":"https:\/\/www.freelancermap.de\/blog\/wp-json\/wp\/v2\/pages"}],"about":[{"href":"https:\/\/www.freelancermap.de\/blog\/wp-json\/wp\/v2\/types\/page"}],"author":[{"embeddable":true,"href":"https:\/\/www.freelancermap.de\/blog\/wp-json\/wp\/v2\/users\/2"}],"replies":[{"embeddable":true,"href":"https:\/\/www.freelancermap.de\/blog\/wp-json\/wp\/v2\/comments?post=41397"}],"version-history":[{"count":1,"href":"https:\/\/www.freelancermap.de\/blog\/wp-json\/wp\/v2\/pages\/41397\/revisions"}],"predecessor-version":[{"id":41400,"href":"https:\/\/www.freelancermap.de\/blog\/wp-json\/wp\/v2\/pages\/41397\/revisions\/41400"}],"wp:attachment":[{"href":"https:\/\/www.freelancermap.de\/blog\/wp-json\/wp\/v2\/media?parent=41397"}],"curies":[{"name":"wp","href":"https:\/\/api.w.org\/{rel}","templated":true}]}}